{"id":19518,"date":"2022-11-24T13:55:47","date_gmt":"2022-11-24T11:55:47","guid":{"rendered":"https:\/\/florika.lt\/preke\/klasikinis-pyragas-panettone\/"},"modified":"2022-11-24T13:58:29","modified_gmt":"2022-11-24T11:58:29","slug":"a-classic-panettone-cake","status":"publish","type":"product","link":"https:\/\/florika.lt\/en\/product\/a-classic-panettone-cake\/","title":{"rendered":"A classic Panettone cake"},"content":{"rendered":"","protected":false},"excerpt":{"rendered":"<div dir=\"auto\">\n<p id=\"tw-target-text\" class=\"tw-data-text tw-text-large tw-ta\" dir=\"ltr\" data-placeholder=\"Translation\"><span class=\"Y2IQFc\" lang=\"en\">It already smells like the upcoming holidays! Announcing the opening of the Panettone season! This year we are offering 0.500 kg of Classic Panettone with Raisins and Candied Oranges, which we will present in the signature box of dessert house Lalene. Order this delicious product together with the flowers of your choice and we will deliver to the entire Klaip\u0117da region, including Kretinga, Palanga, Garg\u017edai, \u0160ilut\u0117, Darb\u0117nai.<\/span><\/p>\n<\/div>\n","protected":false},"featured_media":19511,"comment_status":"closed","ping_status":"closed","template":"","meta":[],"product_brand":[],"product_cat":[143,179,141],"product_tag":[],"class_list":{"0":"post-19518","1":"product","2":"type-product","3":"status-publish","4":"has-post-thumbnail","6":"product_cat-christmas","7":"product_cat-eastern","8":"product_cat-gifts","10":"first","11":"outofstock","12":"shipping-taxable","13":"purchasable","14":"product-type-simple"},"_links":{"self":[{"href":"https:\/\/florika.lt\/en\/wp-json\/wp\/v2\/product\/19518","targetHints":{"allow":["GET"]}}],"collection":[{"href":"https:\/\/florika.lt\/en\/wp-json\/wp\/v2\/product"}],"about":[{"href":"https:\/\/florika.lt\/en\/wp-json\/wp\/v2\/types\/product"}],"replies":[{"embeddable":true,"href":"https:\/\/florika.lt\/en\/wp-json\/wp\/v2\/comments?post=19518"}],"wp:featuredmedia":[{"embeddable":true,"href":"https:\/\/florika.lt\/en\/wp-json\/wp\/v2\/media\/19511"}],"wp:attachment":[{"href":"https:\/\/florika.lt\/en\/wp-json\/wp\/v2\/media?parent=19518"}],"wp:term":[{"taxonomy":"product_brand","embeddable":true,"href":"https:\/\/florika.lt\/en\/wp-json\/wp\/v2\/product_brand?post=19518"},{"taxonomy":"product_cat","embeddable":true,"href":"https:\/\/florika.lt\/en\/wp-json\/wp\/v2\/product_cat?post=19518"},{"taxonomy":"product_tag","embeddable":true,"href":"https:\/\/florika.lt\/en\/wp-json\/wp\/v2\/product_tag?post=19518"}],"curies":[{"name":"wp","href":"https:\/\/api.w.org\/{rel}","templated":true}]}}