{"id":19487,"date":"2022-11-22T09:13:21","date_gmt":"2022-11-22T07:13:21","guid":{"rendered":"https:\/\/florika.lt\/preke\/saldainiai-pergale-unique-marc-de-champagne\/"},"modified":"2023-09-18T14:49:38","modified_gmt":"2023-09-18T11:49:38","slug":"chocolates-pergale-unique-marc-de-champagne","status":"publish","type":"product","link":"https:\/\/florika.lt\/en\/product\/chocolates-pergale-unique-marc-de-champagne\/","title":{"rendered":"Chocolates PERGAL\u0116 UNIQUE MARC DE CHAMPAGNE"},"content":{"rendered":"<p>The mildly bitter shell of dark chocolate enwraps the precious gem of this refined piece of confectionery, the fluffy French ganache filling with drops of the aromatically rich Marc de Champagne. A harmony of grapes from Champagne for lovers of bubbles and luxurious chocolate cream.<\/p>\n<p>Vidutinis maistingumas 100 g<\/p>\n<p>Energin\u0117 vert\u0117. 2253 kJ \/ 541 kcal<\/p>\n<p>Riebalai 36 g\u00a0i\u0161 kuri\u0173 so\u010di\u0173j\u0173 riebal\u0173 r\u016bg\u0161\u010di\u0173 24 g<\/p>\n<p>Angliavandeniai 47 g i\u0161 kuri\u0173 cukr\u0173 37 gBaltymai 4,8 g<\/p>\n<p>Druska 0,04 g<\/p>\n","protected":false},"excerpt":{"rendered":"<p>The mildly bitter shell of dark chocolate enwraps the precious gem of this refined piece of confectionery, the fluffy French ganache filling with drops of the aromatically rich Marc de Champagne. A harmony of grapes from Champagne for lovers of bubbles and luxurious chocolate cream. 200g box.<\/p>\n<p><span style=\"color: #c0c0c0; font-size: 80%;\">Vidutinis maistingumas 100 g<\/span><br \/>\n<span style=\"color: #c0c0c0; font-size: 80%;\">Energin\u0117 vert\u0117. 2253 kJ \/ 541 kcal<\/span><br \/>\n<span style=\"color: #c0c0c0; font-size: 80%;\">Riebalai 36 g\u00a0i\u0161 kuri\u0173 so\u010di\u0173j\u0173 riebal\u0173 r\u016bg\u0161\u010di\u0173 24 g<\/span><br \/>\n<span style=\"color: #c0c0c0; font-size: 80%;\">Angliavandeniai 47 g i\u0161 kuri\u0173 cukr\u0173 37 gBaltymai 4,8 g<\/span><br \/>\n<span style=\"color: #c0c0c0; font-size: 80%;\">Druska 0,04 g<\/span><\/p>\n","protected":false},"featured_media":19484,"comment_status":"closed","ping_status":"closed","template":"","meta":[],"product_brand":[],"product_cat":[141],"product_tag":[],"class_list":{"0":"post-19487","1":"product","2":"type-product","3":"status-publish","4":"has-post-thumbnail","6":"product_cat-gifts","8":"first","9":"outofstock","10":"shipping-taxable","11":"purchasable","12":"product-type-simple"},"_links":{"self":[{"href":"https:\/\/florika.lt\/en\/wp-json\/wp\/v2\/product\/19487","targetHints":{"allow":["GET"]}}],"collection":[{"href":"https:\/\/florika.lt\/en\/wp-json\/wp\/v2\/product"}],"about":[{"href":"https:\/\/florika.lt\/en\/wp-json\/wp\/v2\/types\/product"}],"replies":[{"embeddable":true,"href":"https:\/\/florika.lt\/en\/wp-json\/wp\/v2\/comments?post=19487"}],"wp:featuredmedia":[{"embeddable":true,"href":"https:\/\/florika.lt\/en\/wp-json\/wp\/v2\/media\/19484"}],"wp:attachment":[{"href":"https:\/\/florika.lt\/en\/wp-json\/wp\/v2\/media?parent=19487"}],"wp:term":[{"taxonomy":"product_brand","embeddable":true,"href":"https:\/\/florika.lt\/en\/wp-json\/wp\/v2\/product_brand?post=19487"},{"taxonomy":"product_cat","embeddable":true,"href":"https:\/\/florika.lt\/en\/wp-json\/wp\/v2\/product_cat?post=19487"},{"taxonomy":"product_tag","embeddable":true,"href":"https:\/\/florika.lt\/en\/wp-json\/wp\/v2\/product_tag?post=19487"}],"curies":[{"name":"wp","href":"https:\/\/api.w.org\/{rel}","templated":true}]}}