{"id":19427,"date":"2022-11-18T09:06:03","date_gmt":"2022-11-18T07:06:03","guid":{"rendered":"https:\/\/florika.lt\/preke\/melyna-roze\/"},"modified":"2022-11-18T11:07:21","modified_gmt":"2022-11-18T09:07:21","slug":"blue-rose","status":"publish","type":"product","link":"https:\/\/florika.lt\/en\/product\/blue-rose\/","title":{"rendered":"Blue rose"},"content":{"rendered":"<p>For those who want something unusual, we suggest ordering these blue roses. So far, we do not have naturally blue roses in nature, so you will get these flowers dyed by enriching them with blue dyed water. We don&#8217;t always have these roses on site, so you should order them at least 3-4 days in advance. The length of the rose is 70-80 cm. We deliver roses throughout the Klaip\u0117da region, including Palanga, Kretinga, Garg\u017edai, \u0160ilut\u0117, Darb\u0117nai.<\/p>\n","protected":false},"excerpt":{"rendered":"<p>For those who want something unusual, we suggest ordering these blue roses. So far, we do not have naturally blue roses in nature, so you will get these flowers dyed by enriching them with blue dyed water. We don&#8217;t always have these roses on site, so you should order them at least 3-4 days in advance. The length of the rose is 70-80 cm. We deliver roses throughout the Klaip\u0117da region, including Palanga, Kretinga, Garg\u017edai, \u0160ilut\u0117, Darb\u0117nai.<\/p>\n","protected":false},"featured_media":15680,"comment_status":"closed","ping_status":"closed","template":"","meta":[],"product_brand":[],"product_cat":[147],"product_tag":[],"class_list":{"0":"post-19427","1":"product","2":"type-product","3":"status-publish","4":"has-post-thumbnail","6":"product_cat-cut-flowers","8":"first","9":"outofstock","10":"shipping-taxable","11":"purchasable","12":"product-type-simple"},"_links":{"self":[{"href":"https:\/\/florika.lt\/en\/wp-json\/wp\/v2\/product\/19427","targetHints":{"allow":["GET"]}}],"collection":[{"href":"https:\/\/florika.lt\/en\/wp-json\/wp\/v2\/product"}],"about":[{"href":"https:\/\/florika.lt\/en\/wp-json\/wp\/v2\/types\/product"}],"replies":[{"embeddable":true,"href":"https:\/\/florika.lt\/en\/wp-json\/wp\/v2\/comments?post=19427"}],"wp:featuredmedia":[{"embeddable":true,"href":"https:\/\/florika.lt\/en\/wp-json\/wp\/v2\/media\/15680"}],"wp:attachment":[{"href":"https:\/\/florika.lt\/en\/wp-json\/wp\/v2\/media?parent=19427"}],"wp:term":[{"taxonomy":"product_brand","embeddable":true,"href":"https:\/\/florika.lt\/en\/wp-json\/wp\/v2\/product_brand?post=19427"},{"taxonomy":"product_cat","embeddable":true,"href":"https:\/\/florika.lt\/en\/wp-json\/wp\/v2\/product_cat?post=19427"},{"taxonomy":"product_tag","embeddable":true,"href":"https:\/\/florika.lt\/en\/wp-json\/wp\/v2\/product_tag?post=19427"}],"curies":[{"name":"wp","href":"https:\/\/api.w.org\/{rel}","templated":true}]}}