{"id":1560,"date":"2019-06-18T12:18:50","date_gmt":"2019-06-18T09:18:50","guid":{"rendered":"http:\/\/florika.lt\/prek\u0117\/import-placeholder-for-17714\/"},"modified":"2025-04-27T16:28:44","modified_gmt":"2025-04-27T13:28:44","slug":"tulpes-dezuteje-2","status":"publish","type":"product","link":"https:\/\/florika.lt\/en\/product\/tulpes-dezuteje-2\/","title":{"rendered":"Tulp\u0117s d\u0117\u017eut\u0117je"},"content":{"rendered":"","protected":false},"excerpt":{"rendered":"<p>Subtili\u0173, rausv\u0173 atspalvi\u0173 \u017eaismas, sutalpintas d\u0117\u017eut\u0117je&#8230; Tai puikus sprendimas, norint nustebinti mylim\u0105 \u017emog\u0173 ypatinga proga &#8211; g\u0117les galime pristatyti visame Klaip\u0117dos regione. Ypa\u010d patogu &#8211; puok\u0161t\u0117 jau paruo\u0161ta d\u0117\u017eut\u0117je ir nereik\u0117s r\u016bpintis, kur g\u0117les pamerkti.<\/p>\n<p style=\"font-variant-ligatures: normal; font-variant-caps: normal; orphans: 2; text-align: start; widows: 2; -webkit-text-stroke-width: 0px; word-spacing: 0px;\">Puok\u0161t\u0117 susideda i\u0161: rausv\u0173 tulpi\u0173, \u017ealumos.<\/p>\n<p style=\"font-variant-ligatures: normal; font-variant-caps: normal; orphans: 2; text-align: start; widows: 2; -webkit-text-stroke-width: 0px; word-spacing: 0px;\">Vidutin\u0117 puok\u0161t\u0117 &#8211;\u00a0 27-30 \u017eied\u0173.<\/p>\n<p style=\"font-variant-ligatures: normal; font-variant-caps: normal; orphans: 2; text-align: start; widows: 2; -webkit-text-stroke-width: 0px; word-spacing: 0px;\">Didel\u0117 puok\u0161t\u0117 &#8211; 47-50 \u017eied\u0173.<\/p>\n","protected":false},"featured_media":709,"comment_status":"closed","ping_status":"closed","template":"","meta":[],"product_brand":[],"product_cat":[142],"product_tag":[],"class_list":{"0":"post-1560","1":"product","2":"type-product","3":"status-publish","4":"has-post-thumbnail","6":"product_cat-flowers-in-a-box","8":"first","9":"outofstock","10":"shipping-taxable","11":"product-type-variable"},"_links":{"self":[{"href":"https:\/\/florika.lt\/en\/wp-json\/wp\/v2\/product\/1560","targetHints":{"allow":["GET"]}}],"collection":[{"href":"https:\/\/florika.lt\/en\/wp-json\/wp\/v2\/product"}],"about":[{"href":"https:\/\/florika.lt\/en\/wp-json\/wp\/v2\/types\/product"}],"replies":[{"embeddable":true,"href":"https:\/\/florika.lt\/en\/wp-json\/wp\/v2\/comments?post=1560"}],"wp:featuredmedia":[{"embeddable":true,"href":"https:\/\/florika.lt\/en\/wp-json\/wp\/v2\/media\/709"}],"wp:attachment":[{"href":"https:\/\/florika.lt\/en\/wp-json\/wp\/v2\/media?parent=1560"}],"wp:term":[{"taxonomy":"product_brand","embeddable":true,"href":"https:\/\/florika.lt\/en\/wp-json\/wp\/v2\/product_brand?post=1560"},{"taxonomy":"product_cat","embeddable":true,"href":"https:\/\/florika.lt\/en\/wp-json\/wp\/v2\/product_cat?post=1560"},{"taxonomy":"product_tag","embeddable":true,"href":"https:\/\/florika.lt\/en\/wp-json\/wp\/v2\/product_tag?post=1560"}],"curies":[{"name":"wp","href":"https:\/\/api.w.org\/{rel}","templated":true}]}}