{"id":15029,"date":"2022-01-26T20:21:26","date_gmt":"2022-01-26T18:21:26","guid":{"rendered":"https:\/\/florika.lt\/preke\/pavasariniai-spinduliai\/"},"modified":"2022-01-26T20:25:55","modified_gmt":"2022-01-26T18:25:55","slug":"spring-rays","status":"publish","type":"product","link":"https:\/\/florika.lt\/en\/product\/spring-rays\/","title":{"rendered":"Spring rays"},"content":{"rendered":"","protected":false},"excerpt":{"rendered":"<p>Did you miss spring? Bouquet Spring rays invite you to enjoy the sunlight and warmth! We will be happy to present this bouquet tied with yellow tulips and acacias throughout the Klaip\u0117da region, including Palanga, Kretinga, Garg\u017edai, \u0160ilut\u0117, Darb\u0117nai.<\/p>\n","protected":false},"featured_media":9201,"comment_status":"closed","ping_status":"closed","template":"","meta":[],"product_brand":[],"product_cat":[179,229,164],"product_tag":[],"class_list":{"0":"post-15029","1":"product","2":"type-product","3":"status-publish","4":"has-post-thumbnail","6":"product_cat-eastern","7":"product_cat-flower-bunches","8":"product_cat-for-march-8th","10":"first","11":"outofstock","12":"shipping-taxable","13":"purchasable","14":"product-type-simple"},"_links":{"self":[{"href":"https:\/\/florika.lt\/en\/wp-json\/wp\/v2\/product\/15029","targetHints":{"allow":["GET"]}}],"collection":[{"href":"https:\/\/florika.lt\/en\/wp-json\/wp\/v2\/product"}],"about":[{"href":"https:\/\/florika.lt\/en\/wp-json\/wp\/v2\/types\/product"}],"replies":[{"embeddable":true,"href":"https:\/\/florika.lt\/en\/wp-json\/wp\/v2\/comments?post=15029"}],"wp:featuredmedia":[{"embeddable":true,"href":"https:\/\/florika.lt\/en\/wp-json\/wp\/v2\/media\/9201"}],"wp:attachment":[{"href":"https:\/\/florika.lt\/en\/wp-json\/wp\/v2\/media?parent=15029"}],"wp:term":[{"taxonomy":"product_brand","embeddable":true,"href":"https:\/\/florika.lt\/en\/wp-json\/wp\/v2\/product_brand?post=15029"},{"taxonomy":"product_cat","embeddable":true,"href":"https:\/\/florika.lt\/en\/wp-json\/wp\/v2\/product_cat?post=15029"},{"taxonomy":"product_tag","embeddable":true,"href":"https:\/\/florika.lt\/en\/wp-json\/wp\/v2\/product_tag?post=15029"}],"curies":[{"name":"wp","href":"https:\/\/api.w.org\/{rel}","templated":true}]}}