{"id":14397,"date":"2021-12-02T18:35:24","date_gmt":"2021-12-02T16:35:24","guid":{"rendered":"https:\/\/florika.lt\/preke\/advento-vainikas-su-baltomis-zvakemis\/"},"modified":"2026-01-22T09:06:32","modified_gmt":"2026-01-22T07:06:32","slug":"the-advent-wreath-with-white-candles","status":"publish","type":"product","link":"https:\/\/florika.lt\/en\/product\/the-advent-wreath-with-white-candles\/","title":{"rendered":"The Advent wreath with white candles"},"content":{"rendered":"","protected":false},"excerpt":{"rendered":"<p>The Advent wreath with white candles consists of spruce and dried pine cones, nuts, other decorations, four candles to mark each Advent week. The decoration of the wreath may differ slightly from that shown in the photo.<br \/>\nWe will be happy to deliver this wreath in the whole Klaip\u0117da region, including Palanga, Kretinga, Garg\u017edai, \u0160ilut\u0117.<\/p>\n","protected":false},"featured_media":14371,"comment_status":"closed","ping_status":"closed","template":"","meta":[],"product_brand":[],"product_cat":[143],"product_tag":[],"class_list":{"0":"post-14397","1":"product","2":"type-product","3":"status-publish","4":"has-post-thumbnail","6":"product_cat-christmas","8":"first","9":"outofstock","10":"shipping-taxable","11":"purchasable","12":"product-type-simple"},"_links":{"self":[{"href":"https:\/\/florika.lt\/en\/wp-json\/wp\/v2\/product\/14397","targetHints":{"allow":["GET"]}}],"collection":[{"href":"https:\/\/florika.lt\/en\/wp-json\/wp\/v2\/product"}],"about":[{"href":"https:\/\/florika.lt\/en\/wp-json\/wp\/v2\/types\/product"}],"replies":[{"embeddable":true,"href":"https:\/\/florika.lt\/en\/wp-json\/wp\/v2\/comments?post=14397"}],"wp:featuredmedia":[{"embeddable":true,"href":"https:\/\/florika.lt\/en\/wp-json\/wp\/v2\/media\/14371"}],"wp:attachment":[{"href":"https:\/\/florika.lt\/en\/wp-json\/wp\/v2\/media?parent=14397"}],"wp:term":[{"taxonomy":"product_brand","embeddable":true,"href":"https:\/\/florika.lt\/en\/wp-json\/wp\/v2\/product_brand?post=14397"},{"taxonomy":"product_cat","embeddable":true,"href":"https:\/\/florika.lt\/en\/wp-json\/wp\/v2\/product_cat?post=14397"},{"taxonomy":"product_tag","embeddable":true,"href":"https:\/\/florika.lt\/en\/wp-json\/wp\/v2\/product_tag?post=14397"}],"curies":[{"name":"wp","href":"https:\/\/api.w.org\/{rel}","templated":true}]}}