{"id":14392,"date":"2021-12-02T16:46:26","date_gmt":"2021-12-02T14:46:26","guid":{"rendered":"https:\/\/florika.lt\/preke\/rinkinys-kaledu-belaukiant\/"},"modified":"2022-11-21T22:06:22","modified_gmt":"2022-11-21T20:06:22","slug":"a-set-in-anticipation-of-christmas","status":"publish","type":"product","link":"https:\/\/florika.lt\/en\/product\/a-set-in-anticipation-of-christmas\/","title":{"rendered":"A set In anticipation of Christmas"},"content":{"rendered":"","protected":false},"excerpt":{"rendered":"<p>A set In anticipation of Christmas, consisting of a festively decorated flower box and Lindt Lindor milk chocolate candy, will give warmth to the home and pleasure to the palate. We will deliver this set in the whole Klaip\u0117da region, including Palanga, Kretinga, Garg\u017edai, \u0160ilut\u0117.<\/p>\n","protected":false},"featured_media":14338,"comment_status":"closed","ping_status":"closed","template":"","meta":[],"product_brand":[],"product_cat":[143,142],"product_tag":[],"class_list":{"0":"post-14392","1":"product","2":"type-product","3":"status-publish","4":"has-post-thumbnail","6":"product_cat-christmas","7":"product_cat-flowers-in-a-box","9":"first","10":"outofstock","11":"shipping-taxable","12":"purchasable","13":"product-type-simple"},"_links":{"self":[{"href":"https:\/\/florika.lt\/en\/wp-json\/wp\/v2\/product\/14392","targetHints":{"allow":["GET"]}}],"collection":[{"href":"https:\/\/florika.lt\/en\/wp-json\/wp\/v2\/product"}],"about":[{"href":"https:\/\/florika.lt\/en\/wp-json\/wp\/v2\/types\/product"}],"replies":[{"embeddable":true,"href":"https:\/\/florika.lt\/en\/wp-json\/wp\/v2\/comments?post=14392"}],"wp:featuredmedia":[{"embeddable":true,"href":"https:\/\/florika.lt\/en\/wp-json\/wp\/v2\/media\/14338"}],"wp:attachment":[{"href":"https:\/\/florika.lt\/en\/wp-json\/wp\/v2\/media?parent=14392"}],"wp:term":[{"taxonomy":"product_brand","embeddable":true,"href":"https:\/\/florika.lt\/en\/wp-json\/wp\/v2\/product_brand?post=14392"},{"taxonomy":"product_cat","embeddable":true,"href":"https:\/\/florika.lt\/en\/wp-json\/wp\/v2\/product_cat?post=14392"},{"taxonomy":"product_tag","embeddable":true,"href":"https:\/\/florika.lt\/en\/wp-json\/wp\/v2\/product_tag?post=14392"}],"curies":[{"name":"wp","href":"https:\/\/api.w.org\/{rel}","templated":true}]}}