{"id":14046,"date":"2019-11-26T16:55:21","date_gmt":"2019-11-26T14:55:21","guid":{"rendered":"https:\/\/florika.lt\/preke\/geliu-dezute-sventine-nuotaika\/"},"modified":"2022-11-24T21:57:36","modified_gmt":"2022-11-24T19:57:36","slug":"festive-mood","status":"publish","type":"product","link":"https:\/\/florika.lt\/en\/product\/festive-mood\/","title":{"rendered":"Festive mood"},"content":{"rendered":"","protected":false},"excerpt":{"rendered":"<p>What creates a better Christmas mood than the smell of orange and cinnamon? Along with the subtlety of white roses and winter greenery, our florists have put the &#8220;Festive Mood&#8221; into a luxurious, velor box that will decorate the interior for a long time. We will be happy to present flowers throughout the Klaip\u0117da region, including Palanga, Kretinga, Garg\u017edai, \u0160ilut\u0117.<\/p>\n","protected":false},"featured_media":2818,"comment_status":"closed","ping_status":"closed","template":"","meta":[],"product_brand":[],"product_cat":[143,142],"product_tag":[],"class_list":{"0":"post-14046","1":"product","2":"type-product","3":"status-publish","4":"has-post-thumbnail","6":"product_cat-christmas","7":"product_cat-flowers-in-a-box","9":"first","10":"outofstock","11":"shipping-taxable","12":"purchasable","13":"product-type-variable"},"_links":{"self":[{"href":"https:\/\/florika.lt\/en\/wp-json\/wp\/v2\/product\/14046","targetHints":{"allow":["GET"]}}],"collection":[{"href":"https:\/\/florika.lt\/en\/wp-json\/wp\/v2\/product"}],"about":[{"href":"https:\/\/florika.lt\/en\/wp-json\/wp\/v2\/types\/product"}],"replies":[{"embeddable":true,"href":"https:\/\/florika.lt\/en\/wp-json\/wp\/v2\/comments?post=14046"}],"wp:featuredmedia":[{"embeddable":true,"href":"https:\/\/florika.lt\/en\/wp-json\/wp\/v2\/media\/2818"}],"wp:attachment":[{"href":"https:\/\/florika.lt\/en\/wp-json\/wp\/v2\/media?parent=14046"}],"wp:term":[{"taxonomy":"product_brand","embeddable":true,"href":"https:\/\/florika.lt\/en\/wp-json\/wp\/v2\/product_brand?post=14046"},{"taxonomy":"product_cat","embeddable":true,"href":"https:\/\/florika.lt\/en\/wp-json\/wp\/v2\/product_cat?post=14046"},{"taxonomy":"product_tag","embeddable":true,"href":"https:\/\/florika.lt\/en\/wp-json\/wp\/v2\/product_tag?post=14046"}],"curies":[{"name":"wp","href":"https:\/\/api.w.org\/{rel}","templated":true}]}}