{"id":13980,"date":"2019-11-26T17:06:00","date_gmt":"2019-11-26T15:06:00","guid":{"rendered":"https:\/\/florika.lt\/preke\/kvepianti-eglute\/"},"modified":"2022-03-13T20:25:39","modified_gmt":"2022-03-13T18:25:39","slug":"scented-christmas-tree","status":"publish","type":"product","link":"https:\/\/florika.lt\/en\/product\/scented-christmas-tree\/","title":{"rendered":"Scented Christmas tree"},"content":{"rendered":"","protected":false},"excerpt":{"rendered":"<pre id=\"tw-target-text\" class=\"tw-data-text tw-text-large tw-ta\" dir=\"ltr\" data-placeholder=\"Translation\"><span class=\"Y2IQFc\" lang=\"en\">Handmade Christmas tree is woven from kenya branches, smells fresh forest, decorated with natural decorations. It will delight with the smell of cinnamon and wild flowers. A great interior accent for home or office! Give your loved ones a little Christmas spirit with Florika. The scented Christmas tree can be delivered in the whole Klaipeda region, including Palanga, Kretinga, Garg\u017edai, \u0160ilut\u0117.\r\n\r\nThe height of the Christmas tree is 50 cm<\/span><\/pre>\n","protected":false},"featured_media":2825,"comment_status":"closed","ping_status":"closed","template":"","meta":[],"product_brand":[],"product_cat":[143],"product_tag":[],"class_list":{"0":"post-13980","1":"product","2":"type-product","3":"status-publish","4":"has-post-thumbnail","6":"product_cat-christmas","8":"first","9":"outofstock","10":"shipping-taxable","11":"purchasable","12":"product-type-simple"},"_links":{"self":[{"href":"https:\/\/florika.lt\/en\/wp-json\/wp\/v2\/product\/13980","targetHints":{"allow":["GET"]}}],"collection":[{"href":"https:\/\/florika.lt\/en\/wp-json\/wp\/v2\/product"}],"about":[{"href":"https:\/\/florika.lt\/en\/wp-json\/wp\/v2\/types\/product"}],"replies":[{"embeddable":true,"href":"https:\/\/florika.lt\/en\/wp-json\/wp\/v2\/comments?post=13980"}],"wp:featuredmedia":[{"embeddable":true,"href":"https:\/\/florika.lt\/en\/wp-json\/wp\/v2\/media\/2825"}],"wp:attachment":[{"href":"https:\/\/florika.lt\/en\/wp-json\/wp\/v2\/media?parent=13980"}],"wp:term":[{"taxonomy":"product_brand","embeddable":true,"href":"https:\/\/florika.lt\/en\/wp-json\/wp\/v2\/product_brand?post=13980"},{"taxonomy":"product_cat","embeddable":true,"href":"https:\/\/florika.lt\/en\/wp-json\/wp\/v2\/product_cat?post=13980"},{"taxonomy":"product_tag","embeddable":true,"href":"https:\/\/florika.lt\/en\/wp-json\/wp\/v2\/product_tag?post=13980"}],"curies":[{"name":"wp","href":"https:\/\/api.w.org\/{rel}","templated":true}]}}