{"id":11559,"date":"2021-05-28T12:34:11","date_gmt":"2021-05-28T09:34:11","guid":{"rendered":"http:\/\/florika.lt\/preke\/vasarine-nuotaika\/"},"modified":"2026-04-15T14:43:37","modified_gmt":"2026-04-15T11:43:37","slug":"summer-adventure","status":"publish","type":"product","link":"https:\/\/florika.lt\/en\/product\/summer-adventure\/","title":{"rendered":"Summer adventure"},"content":{"rendered":"","protected":false},"excerpt":{"rendered":"<h3><span style=\"color: #282828; font-size: 75%;\">Steb\u0117ti, kaip skleid\u017eiasi bij\u016bnai &#8211; tikras malonumas akims, d\u017eiaugsmas \u0161irdims. Vasar\u043es nuotykis &#8211; tai puok\u0161t\u0117, sudaryta i\u0161 \u012fvairi\u0173 spalv\u0173 bij\u016bn\u0173, kuriuos \u0161iuo metu turime, tad puok\u0161t\u0117s spalv\u0173 gama gali skirtis nuo pavaizduotos nuotraukoje. I\u0161 \u0161i\u0173 \u012fvairiaspalvi\u0173 bij\u016bn\u0173 galime sukomponuoti skirting\u0173 dyd\u017ei\u0173 puok\u0161tes: Ma\u017ea &#8211; 9 vienetai   <\/span><span style=\"color: #282828; font-size: 75%;\">Vidutin\u0117 <\/span><span style=\"color: #282828; font-size: 75%;\">&#8211; 15 vienet\u0173 Didel\u0117 &#8211; 21 vienetas Ypa\u010d didel\u0117 &#8211; 35 vienetai Ekstra didel\u0117 &#8211; 49 vienetai <\/span> <\/h3>\n<p>&nbsp;<\/p>\n","protected":false},"featured_media":11455,"comment_status":"closed","ping_status":"closed","template":"","meta":[],"product_brand":[],"product_cat":[229,144,221],"product_tag":[],"class_list":{"0":"post-11559","1":"product","2":"type-product","3":"status-publish","4":"has-post-thumbnail","6":"product_cat-flower-bunches","7":"product_cat-mothers-day","8":"product_cat-summer-collection","10":"first","11":"instock","12":"shipping-taxable","13":"purchasable","14":"product-type-variable"},"_links":{"self":[{"href":"https:\/\/florika.lt\/en\/wp-json\/wp\/v2\/product\/11559","targetHints":{"allow":["GET"]}}],"collection":[{"href":"https:\/\/florika.lt\/en\/wp-json\/wp\/v2\/product"}],"about":[{"href":"https:\/\/florika.lt\/en\/wp-json\/wp\/v2\/types\/product"}],"replies":[{"embeddable":true,"href":"https:\/\/florika.lt\/en\/wp-json\/wp\/v2\/comments?post=11559"}],"wp:featuredmedia":[{"embeddable":true,"href":"https:\/\/florika.lt\/en\/wp-json\/wp\/v2\/media\/11455"}],"wp:attachment":[{"href":"https:\/\/florika.lt\/en\/wp-json\/wp\/v2\/media?parent=11559"}],"wp:term":[{"taxonomy":"product_brand","embeddable":true,"href":"https:\/\/florika.lt\/en\/wp-json\/wp\/v2\/product_brand?post=11559"},{"taxonomy":"product_cat","embeddable":true,"href":"https:\/\/florika.lt\/en\/wp-json\/wp\/v2\/product_cat?post=11559"},{"taxonomy":"product_tag","embeddable":true,"href":"https:\/\/florika.lt\/en\/wp-json\/wp\/v2\/product_tag?post=11559"}],"curies":[{"name":"wp","href":"https:\/\/api.w.org\/{rel}","templated":true}]}}