{"id":2609,"date":"2019-12-10T10:31:44","date_gmt":"2019-12-10T08:31:44","guid":{"rendered":"http:\/\/florika.lt\/?page_id=2609"},"modified":"2021-06-26T21:21:03","modified_gmt":"2021-06-26T18:21:03","slug":"about-us","status":"publish","type":"page","link":"https:\/\/florika.lt\/en\/about-us\/","title":{"rendered":"About us"},"content":{"rendered":"\n  <div id=\"page-header-239172047\" class=\"page-header-wrapper\">\n  <div class=\"page-title dark featured-title\">\n\n        <div class=\"page-title-bg\">\n      <div class=\"title-bg fill bg-fill\"\n        data-parallax-container=\".page-title\"\n        data-parallax-background\n        data-parallax=\"-\">\n      <\/div>\n      <div class=\"title-overlay fill\"><\/div>\n    <\/div>\n    \n    <div class=\"page-title-inner container align-center text-center flex-row-col medium-flex-wrap\" >\n              <div class=\"title-wrapper is-xxlarge flex-col\">\n          <h1 class=\"entry-title mb-0\">\n            About us          <\/h1>\n        <\/div>\n                    <div class=\"title-content flex-col\">\n              <\/div>\n    <\/div>\n\n     \n<style>\n#page-header-239172047 .page-title-inner {\n  min-height: 200px;\n}\n#page-header-239172047 .title-bg {\n  background-image: url(https:\/\/florika.lt\/wp-content\/uploads\/2019\/03\/florika-1.jpg);\n}\n<\/style>\n  <\/div>\n    <\/div>\n  \r\n\r\n\t<div id=\"gap-152496581\" class=\"gap-element clearfix\" style=\"display:block; height:auto;\">\n\t\t\n<style>\n#gap-152496581 {\n  padding-top: 60px;\n}\n<\/style>\n\t<\/div>\n\t <div class=\"row align-middle\"  id=\"row-328236450\"> \n\t<div id=\"col-1643197843\" class=\"col medium-6 small-12 large-6\"  >\n\t\t\t\t<div class=\"col-inner\"  >\n\t\t\t\n\t\t\t \t<div class=\"img has-hover x md-x lg-x y md-y lg-y\" id=\"image_1841945533\">\n\t\t\t\t\t\t\t\t<div class=\"img-inner dark\" >\n\t\t\t<img fetchpriority=\"high\" decoding=\"async\" width=\"963\" height=\"1024\" src=\"https:\/\/florika.lt\/wp-content\/uploads\/2019\/03\/florika-apie-mus.jpg\" class=\"attachment-original size-original\" alt=\"\" srcset=\"https:\/\/florika.lt\/wp-content\/uploads\/2019\/03\/florika-apie-mus.jpg 963w, https:\/\/florika.lt\/wp-content\/uploads\/2019\/03\/florika-apie-mus-510x542.jpg 510w, https:\/\/florika.lt\/wp-content\/uploads\/2019\/03\/florika-apie-mus-376x400.jpg 376w, https:\/\/florika.lt\/wp-content\/uploads\/2019\/03\/florika-apie-mus-768x817.jpg 768w, https:\/\/florika.lt\/wp-content\/uploads\/2019\/03\/florika-apie-mus-752x800.jpg 752w\" sizes=\"(max-width: 963px) 100vw, 963px\" \/>\t\t\t\t\t\t\n\t\t\t\t\t<\/div>\n\t\t\t\t\t\t\t\t\n<style>\n#image_1841945533 {\n  width: 100%;\n}\n<\/style>\n\t<\/div>\n\t \t\t<\/div>\n\t\t\t\t\t<\/div>\n\n\t \n\t<div id=\"col-1389533547\" class=\"col medium-6 small-12 large-6\"  >\n\t\t\t\t<div class=\"col-inner text-left\"  >\n\t\t\t\n\t\t\t\n<p>G\u0117li\u0173 salonas \u201eFlorika\u201c, \u012fsik\u016br\u0119s Klaip\u0117dos senamiestyje, \u0161alia senosios turgaviet\u0117s, puo\u0161ia kasdienyb\u0119 g\u0117l\u0117mis jau daugiau nei 15 met\u0173. Pagrindin\u0117s salono veiklos sritys \u2013 g\u0117li\u0173, puok\u0161\u010di\u0173 ir kit\u0173 dovan\u0173 pristatymas ir \u012fteikimas Klaip\u0117doje, Garg\u017eduose, Kretingoje, Palangoje, Neringoje. Taip pat pristatome g\u0117les \u012f \u0161i\u0173 miest\u0173 rajonus.<\/p>\n<p>\u010cia dirbantys floristai sukaup\u0117 nepamainom\u0105 patirt\u012f \u2013 nuolat sekdami&nbsp;floristikos tendencijas, jie yra visada pasiruo\u0161\u0119 Jums pad\u0117ti.<br>G\u0117li\u0173 salonas Klaip\u0117doje \u201eFlorika\u201c si\u016blo \u012fvairiausio stiliaus puok\u0161tes, kompozicijas, merkiamas bei vazonines g\u0117les. Mielai pasir\u016bpinsime puok\u0161t\u0117mis ir j\u0173 kompozicijomis vestuvi\u0173 bei gedulo tematika, si\u016blome ir interjero apipavidalinimo g\u0117l\u0117mis paslaugas.<\/p>\n<p>\u201eFlorika\u201c teikia g\u0117li\u0173 pristatymo \u012f namus paslaug\u0105. Jei norite nustebinti savo artimuosius ir patys to padaryti negalite \u2013 patik\u0117kite \u0161i\u0105 u\u017eduot\u012f mums. U\u017esakyti \u0161i\u0105 paslaug\u0105 galite b\u016bdami bet kurioje pasaulio dalyje \u2013 sumok\u0117ti u\u017e g\u0117les bei j\u0173 pristatym\u0105 gal\u0117site naudodamiesi tarptautine atsiskaitymo sistema \u201ePayPal\u201c, viskuo kitu pasir\u016bpinsime patys.<\/p>\n<p>Parinksime tik kokybi\u0161kiausias g\u0117les, suri\u0161ime j\u016bs\u0173 pageidaujamu stiliumi ir laiku \u012fvykdysime u\u017esakym\u0105 (pristatym\u0105).<br>G\u0117les galite u\u017esakyti salone adresu Turgaus a. 4; \u0161ioje internetin\u0117je parduotuv\u0117je&nbsp;arba tiesiog paskambinus telefonu \u2013 861683188.<br>Kadangi g\u0117les parsive\u017eame tiesiai &nbsp;i\u0161 tiek\u0117j\u0173, galime garantuoti auk\u0161\u010diausi\u0105 kokyb\u0119 ir patraukliausi\u0105 kain\u0105.<\/p>\n\t\t<\/div>\n\t\t\t\t\t<\/div>\n\n\t <\/div> \t<div id=\"gap-2008974571\" class=\"gap-element clearfix\" style=\"display:block; height:auto;\">\n\t\t\n<style>\n#gap-2008974571 {\n  padding-top: 50px;\n}\n<\/style>\n\t<\/div>\n\t\n","protected":false},"excerpt":{"rendered":"","protected":false},"author":361,"featured_media":0,"parent":0,"menu_order":0,"comment_status":"closed","ping_status":"closed","template":"page-blank.php","meta":{"footnotes":""},"class_list":["post-2609","page","type-page","status-publish","hentry"],"_links":{"self":[{"href":"https:\/\/florika.lt\/en\/wp-json\/wp\/v2\/pages\/2609","targetHints":{"allow":["GET"]}}],"collection":[{"href":"https:\/\/florika.lt\/en\/wp-json\/wp\/v2\/pages"}],"about":[{"href":"https:\/\/florika.lt\/en\/wp-json\/wp\/v2\/types\/page"}],"author":[{"embeddable":true,"href":"https:\/\/florika.lt\/en\/wp-json\/wp\/v2\/users\/361"}],"replies":[{"embeddable":true,"href":"https:\/\/florika.lt\/en\/wp-json\/wp\/v2\/comments?post=2609"}],"version-history":[{"count":0,"href":"https:\/\/florika.lt\/en\/wp-json\/wp\/v2\/pages\/2609\/revisions"}],"wp:attachment":[{"href":"https:\/\/florika.lt\/en\/wp-json\/wp\/v2\/media?parent=2609"}],"curies":[{"name":"wp","href":"https:\/\/api.w.org\/{rel}","templated":true}]}}